{"id":12,"date":"2024-04-01T06:58:08","date_gmt":"2024-04-01T06:58:08","guid":{"rendered":"https:\/\/ecoqb.tech\/?page_id=12"},"modified":"2024-04-01T07:08:27","modified_gmt":"2024-04-01T07:08:27","slug":"inicio","status":"publish","type":"page","link":"https:\/\/ecoqb.tech\/","title":{"rendered":"Inicio"},"content":{"rendered":"\t\t<div data-elementor-type=\"wp-page\" data-elementor-id=\"12\" class=\"elementor elementor-12\">\n\t\t\t\t<div class=\"elementor-element elementor-element-0f0b9a0 e-flex e-con-boxed e-con e-parent\" data-id=\"0f0b9a0\" data-element_type=\"container\" data-settings=\"{&quot;background_background&quot;:&quot;classic&quot;}\" data-core-v316-plus=\"true\">\n\t\t\t\t\t<div class=\"e-con-inner\">\n\t\t\t\t<div class=\"elementor-element elementor-element-2601353 elementor-widget elementor-widget-text-editor\" data-id=\"2601353\" data-element_type=\"widget\" data-widget_type=\"text-editor.default\">\n\t\t\t\t<div class=\"elementor-widget-container\">\n\t\t\t<style>\/*! elementor - v3.20.0 - 26-03-2024 *\/\n.elementor-widget-text-editor.elementor-drop-cap-view-stacked .elementor-drop-cap{background-color:#69727d;color:#fff}.elementor-widget-text-editor.elementor-drop-cap-view-framed .elementor-drop-cap{color:#69727d;border:3px solid;background-color:transparent}.elementor-widget-text-editor:not(.elementor-drop-cap-view-default) .elementor-drop-cap{margin-top:8px}.elementor-widget-text-editor:not(.elementor-drop-cap-view-default) .elementor-drop-cap-letter{width:1em;height:1em}.elementor-widget-text-editor .elementor-drop-cap{float:left;text-align:center;line-height:1;font-size:50px}.elementor-widget-text-editor .elementor-drop-cap-letter{display:inline-block}<\/style>\t\t\t\t<p>Carlos Fernandez Puente <br \/>puedes correr <br \/>pero no esconderte<br \/>puedes mentir y fingir<br \/>pero eso no es vivir<\/p><p>\u00a0<\/p><p>10 a\u00f1os dices haber trabajado<br \/>en un invento glorioso<br \/>Que grande eres, <br \/>solo si fuera verdad eso<\/p><p>\u00a0<\/p><p>En las pr\u00f3ximas semanas <br \/>se acabara el correr, el mentir y el fingir<br \/>En las pr\u00f3ximas semanas <br \/>todos tus tejemanejes saldr\u00e1n a relucir<\/p><p>\u00a0<\/p><p>Las mentiras tienen patas cortas <br \/>que ni los malos abogados pueden alargar<br \/>especialmente las patas que llevan corriendo<br \/>tanto tiempo sin parar ni a pensar<\/p>\t\t\t\t\t\t<\/div>\n\t\t\t\t<\/div>\n\t\t\t\t<div class=\"elementor-element elementor-element-d3028f4 elementor-widget elementor-widget-heading\" data-id=\"d3028f4\" data-element_type=\"widget\" data-widget_type=\"heading.default\">\n\t\t\t\t<div class=\"elementor-widget-container\">\n\t\t\t<style>\/*! elementor - v3.20.0 - 26-03-2024 *\/\n.elementor-heading-title{padding:0;margin:0;line-height:1}.elementor-widget-heading .elementor-heading-title[class*=elementor-size-]>a{color:inherit;font-size:inherit;line-height:inherit}.elementor-widget-heading .elementor-heading-title.elementor-size-small{font-size:15px}.elementor-widget-heading .elementor-heading-title.elementor-size-medium{font-size:19px}.elementor-widget-heading .elementor-heading-title.elementor-size-large{font-size:29px}.elementor-widget-heading .elementor-heading-title.elementor-size-xl{font-size:39px}.elementor-widget-heading .elementor-heading-title.elementor-size-xxl{font-size:59px}<\/style><p class=\"elementor-heading-title elementor-size-default\">Nota: En las pr\u00f3ximas semanas se divulgar\u00e1 informaci\u00f3n relevante de esta empresa y sus socios y colaboradores que han escogido no lanzar su propia web, ni linkedin y trabajar desde la oscuridad. Por algo ser\u00e1\u2026<\/p>\t\t<\/div>\n\t\t\t\t<\/div>\n\t\t\t\t\t<\/div>\n\t\t\t\t<\/div>\n\t\t\t\t<\/div>\n\t\t","protected":false},"excerpt":{"rendered":"<p>Carlos Fernandez Puente puedes correr pero no escondertepuedes mentir y fingirpero eso no es vivir \u00a0 10 a\u00f1os dices haber trabajadoen un invento gloriosoQue grande eres, solo si fuera verdad eso \u00a0 En las pr\u00f3ximas semanas se acabara el correr, el mentir y el fingirEn las pr\u00f3ximas semanas todos tus tejemanejes saldr\u00e1n a relucir \u00a0 [&hellip;]<\/p>\n","protected":false},"author":1,"featured_media":0,"parent":0,"menu_order":0,"comment_status":"closed","ping_status":"closed","template":"elementor_canvas","meta":{"footnotes":""},"class_list":["post-12","page","type-page","status-publish","hentry"],"_links":{"self":[{"href":"https:\/\/ecoqb.tech\/index.php\/wp-json\/wp\/v2\/pages\/12","targetHints":{"allow":["GET"]}}],"collection":[{"href":"https:\/\/ecoqb.tech\/index.php\/wp-json\/wp\/v2\/pages"}],"about":[{"href":"https:\/\/ecoqb.tech\/index.php\/wp-json\/wp\/v2\/types\/page"}],"author":[{"embeddable":true,"href":"https:\/\/ecoqb.tech\/index.php\/wp-json\/wp\/v2\/users\/1"}],"replies":[{"embeddable":true,"href":"https:\/\/ecoqb.tech\/index.php\/wp-json\/wp\/v2\/comments?post=12"}],"version-history":[{"count":16,"href":"https:\/\/ecoqb.tech\/index.php\/wp-json\/wp\/v2\/pages\/12\/revisions"}],"predecessor-version":[{"id":33,"href":"https:\/\/ecoqb.tech\/index.php\/wp-json\/wp\/v2\/pages\/12\/revisions\/33"}],"wp:attachment":[{"href":"https:\/\/ecoqb.tech\/index.php\/wp-json\/wp\/v2\/media?parent=12"}],"curies":[{"name":"wp","href":"https:\/\/api.w.org\/{rel}","templated":true}]}}